{"id":72,"date":"2021-11-19T10:47:32","date_gmt":"2021-11-19T10:47:32","guid":{"rendered":"https:\/\/equipodeinvestigacionespoliticas.es\/?page_id=72"},"modified":"2021-11-19T12:57:58","modified_gmt":"2021-11-19T12:57:58","slug":"lineas-de-investigacion","status":"publish","type":"page","link":"https:\/\/equipodeinvestigacionespoliticas.es\/?page_id=72","title":{"rendered":"L\u00cdNEAS DE INVESTIGACI\u00d3N"},"content":{"rendered":"\n<p><\/p>\n\n\n\n<figure class=\"wp-block-pullquote\" style=\"border-color:#ffffff\"><blockquote class=\"has-text-color has-black-color\"><p>Cultura pol\u00edtica.<\/p><p>Elecciones y partidos pol\u00edticos.<\/p><p>Federalismo: teor\u00eda y comparaci\u00f3n.<\/p><p>Gesti\u00f3n p\u00fablicas. Pol\u00edticas p\u00fablicas.<\/p><p>Gobierno multinivel. Gobierno local, auton\u00f3mico y Uni\u00f3n Europea.<\/p><p>Marketing pol\u00edtico: estrategias y comuniciaci\u00f3n pol\u00edtica.<\/p><p>Nacionalismo e identidades colectivas: movilizaci\u00f3n, organizaci\u00f3n y discurso<\/p><\/blockquote><\/figure>\n","protected":false},"excerpt":{"rendered":"<p>Cultura pol\u00edtica. Elecciones y partidos pol\u00edticos. Federalismo: teor\u00eda y comparaci\u00f3n. Gesti\u00f3n p\u00fablicas. Pol\u00edticas p\u00fablicas. Gobierno multinivel. Gobierno local, auton\u00f3mico y Uni\u00f3n Europea. Marketing pol\u00edtico: estrategias y comuniciaci\u00f3n pol\u00edtica. Nacionalismo e identidades colectivas: movilizaci\u00f3n, organizaci\u00f3n y discurso<\/p>\n","protected":false},"author":1,"featured_media":0,"parent":0,"menu_order":0,"comment_status":"closed","ping_status":"closed","template":"","meta":{"footnotes":""},"class_list":["post-72","page","type-page","status-publish","hentry"],"_links":{"self":[{"href":"https:\/\/equipodeinvestigacionespoliticas.es\/index.php?rest_route=\/wp\/v2\/pages\/72","targetHints":{"allow":["GET"]}}],"collection":[{"href":"https:\/\/equipodeinvestigacionespoliticas.es\/index.php?rest_route=\/wp\/v2\/pages"}],"about":[{"href":"https:\/\/equipodeinvestigacionespoliticas.es\/index.php?rest_route=\/wp\/v2\/types\/page"}],"author":[{"embeddable":true,"href":"https:\/\/equipodeinvestigacionespoliticas.es\/index.php?rest_route=\/wp\/v2\/users\/1"}],"replies":[{"embeddable":true,"href":"https:\/\/equipodeinvestigacionespoliticas.es\/index.php?rest_route=%2Fwp%2Fv2%2Fcomments&post=72"}],"version-history":[{"count":7,"href":"https:\/\/equipodeinvestigacionespoliticas.es\/index.php?rest_route=\/wp\/v2\/pages\/72\/revisions"}],"predecessor-version":[{"id":162,"href":"https:\/\/equipodeinvestigacionespoliticas.es\/index.php?rest_route=\/wp\/v2\/pages\/72\/revisions\/162"}],"wp:attachment":[{"href":"https:\/\/equipodeinvestigacionespoliticas.es\/index.php?rest_route=%2Fwp%2Fv2%2Fmedia&parent=72"}],"curies":[{"name":"wp","href":"https:\/\/api.w.org\/{rel}","templated":true}]}}